{"id":225,"date":"2024-11-06T09:49:28","date_gmt":"2024-11-06T09:49:28","guid":{"rendered":"http:\/\/www.hoer-spieler.de\/?page_id=225"},"modified":"2024-11-07T11:15:09","modified_gmt":"2024-11-07T11:15:09","slug":"robin-hood-jetzt-abba-richtig","status":"publish","type":"page","link":"http:\/\/www.hoer-spieler.de\/?page_id=225","title":{"rendered":"Robin Hood!"},"content":{"rendered":"\n<figure class=\"wp-block-image size-large\"><img loading=\"lazy\" decoding=\"async\" width=\"1024\" height=\"682\" src=\"http:\/\/www.hoer-spieler.de\/wordpress\/wp-content\/uploads\/Robin_Hood_Presse-1024x682.jpg\" alt=\"\" class=\"wp-image-201\" srcset=\"http:\/\/www.hoer-spieler.de\/wordpress\/wp-content\/uploads\/Robin_Hood_Presse-1024x682.jpg 1024w, http:\/\/www.hoer-spieler.de\/wordpress\/wp-content\/uploads\/Robin_Hood_Presse-300x200.jpg 300w, http:\/\/www.hoer-spieler.de\/wordpress\/wp-content\/uploads\/Robin_Hood_Presse-624x416.jpg 624w, http:\/\/www.hoer-spieler.de\/wordpress\/wp-content\/uploads\/Robin_Hood_Presse.jpg 1772w\" sizes=\"(max-width: 1024px) 100vw, 1024px\" \/><\/figure>\n\n\n\n<p><\/p>\n\n\n\n<p>Das HOER-SPIELER-Ensemble verstrickt in den Legenden von Robin Hood und seinen Gef\u00e4hrten. Im Sherwood Forest lauern aber nicht nur unz\u00e4hlige Versionen der klassischen Geschichte, sondern auch Begegnungen mit unerwarteten Personen. Drei Schauspieler*innen schl\u00fcpfen mit vollem K\u00f6rpereinsatz und rasanten Requisitenwechseln in alle Rollen. Jede*r spielt jede*n. Unterst\u00fctzt werden sie dabei von einem Erz\u00e4hler, einem Ger\u00e4usche-Macher und Livemusik. Die Grenzen eines normalen Liveh\u00f6rspiels werden hierbei deutlich \u00fcberschritten!<\/p>\n\n\n\n<p>Mit: Eva-Maria Damasko\/Sonia Hauss\u00e9guy, Val\u00e9rie Lecarte, Norman Hofmann, Lucas Dillmann, Claus Weyrauther, Timo Willecke<\/p>\n\n\n\n<figure class=\"wp-block-gallery has-nested-images columns-default is-cropped wp-block-gallery-1 is-layout-flex wp-block-gallery-is-layout-flex\">\n<figure class=\"wp-block-image size-large\"><img loading=\"lazy\" decoding=\"async\" width=\"1024\" height=\"683\" data-id=\"249\" src=\"http:\/\/www.hoer-spieler.de\/wordpress\/wp-content\/uploads\/RH1-1024x683.jpeg\" alt=\"\" class=\"wp-image-249\" srcset=\"http:\/\/www.hoer-spieler.de\/wordpress\/wp-content\/uploads\/RH1-1024x683.jpeg 1024w, http:\/\/www.hoer-spieler.de\/wordpress\/wp-content\/uploads\/RH1-300x200.jpeg 300w, http:\/\/www.hoer-spieler.de\/wordpress\/wp-content\/uploads\/RH1-768x512.jpeg 768w, http:\/\/www.hoer-spieler.de\/wordpress\/wp-content\/uploads\/RH1-624x416.jpeg 624w, http:\/\/www.hoer-spieler.de\/wordpress\/wp-content\/uploads\/RH1.jpeg 1063w\" sizes=\"(max-width: 1024px) 100vw, 1024px\" \/><\/figure>\n\n\n\n<figure class=\"wp-block-image size-large\"><img loading=\"lazy\" decoding=\"async\" width=\"683\" height=\"1024\" data-id=\"246\" src=\"http:\/\/www.hoer-spieler.de\/wordpress\/wp-content\/uploads\/RH2-683x1024.jpeg\" alt=\"\" class=\"wp-image-246\" srcset=\"http:\/\/www.hoer-spieler.de\/wordpress\/wp-content\/uploads\/RH2-683x1024.jpeg 683w, http:\/\/www.hoer-spieler.de\/wordpress\/wp-content\/uploads\/RH2-200x300.jpeg 200w, http:\/\/www.hoer-spieler.de\/wordpress\/wp-content\/uploads\/RH2-624x936.jpeg 624w, http:\/\/www.hoer-spieler.de\/wordpress\/wp-content\/uploads\/RH2.jpeg 709w\" sizes=\"(max-width: 683px) 100vw, 683px\" \/><\/figure>\n\n\n\n<figure class=\"wp-block-image size-large\"><img loading=\"lazy\" decoding=\"async\" width=\"1024\" height=\"683\" data-id=\"244\" src=\"http:\/\/www.hoer-spieler.de\/wordpress\/wp-content\/uploads\/RH3-1024x683.jpeg\" alt=\"\" class=\"wp-image-244\" srcset=\"http:\/\/www.hoer-spieler.de\/wordpress\/wp-content\/uploads\/RH3-1024x683.jpeg 1024w, http:\/\/www.hoer-spieler.de\/wordpress\/wp-content\/uploads\/RH3-300x200.jpeg 300w, http:\/\/www.hoer-spieler.de\/wordpress\/wp-content\/uploads\/RH3-768x512.jpeg 768w, http:\/\/www.hoer-spieler.de\/wordpress\/wp-content\/uploads\/RH3-624x416.jpeg 624w, http:\/\/www.hoer-spieler.de\/wordpress\/wp-content\/uploads\/RH3.jpeg 1063w\" sizes=\"(max-width: 1024px) 100vw, 1024px\" \/><\/figure>\n\n\n\n<figure class=\"wp-block-image size-large\"><img loading=\"lazy\" decoding=\"async\" width=\"1024\" height=\"683\" data-id=\"248\" src=\"http:\/\/www.hoer-spieler.de\/wordpress\/wp-content\/uploads\/RH4-1024x683.jpeg\" alt=\"\" class=\"wp-image-248\" srcset=\"http:\/\/www.hoer-spieler.de\/wordpress\/wp-content\/uploads\/RH4-1024x683.jpeg 1024w, http:\/\/www.hoer-spieler.de\/wordpress\/wp-content\/uploads\/RH4-300x200.jpeg 300w, http:\/\/www.hoer-spieler.de\/wordpress\/wp-content\/uploads\/RH4-768x512.jpeg 768w, http:\/\/www.hoer-spieler.de\/wordpress\/wp-content\/uploads\/RH4-624x416.jpeg 624w, http:\/\/www.hoer-spieler.de\/wordpress\/wp-content\/uploads\/RH4.jpeg 1063w\" sizes=\"(max-width: 1024px) 100vw, 1024px\" \/><\/figure>\n\n\n\n<figure class=\"wp-block-image size-large\"><img loading=\"lazy\" decoding=\"async\" width=\"1024\" height=\"683\" data-id=\"247\" src=\"http:\/\/www.hoer-spieler.de\/wordpress\/wp-content\/uploads\/RH5-1024x683.jpeg\" alt=\"\" class=\"wp-image-247\" srcset=\"http:\/\/www.hoer-spieler.de\/wordpress\/wp-content\/uploads\/RH5-1024x683.jpeg 1024w, http:\/\/www.hoer-spieler.de\/wordpress\/wp-content\/uploads\/RH5-300x200.jpeg 300w, http:\/\/www.hoer-spieler.de\/wordpress\/wp-content\/uploads\/RH5-768x512.jpeg 768w, http:\/\/www.hoer-spieler.de\/wordpress\/wp-content\/uploads\/RH5-624x416.jpeg 624w, http:\/\/www.hoer-spieler.de\/wordpress\/wp-content\/uploads\/RH5.jpeg 1063w\" sizes=\"(max-width: 1024px) 100vw, 1024px\" \/><\/figure>\n\n\n\n<figure class=\"wp-block-image size-large\"><img loading=\"lazy\" decoding=\"async\" width=\"1024\" height=\"683\" data-id=\"250\" src=\"http:\/\/www.hoer-spieler.de\/wordpress\/wp-content\/uploads\/RH7-1024x683.jpeg\" alt=\"\" class=\"wp-image-250\" srcset=\"http:\/\/www.hoer-spieler.de\/wordpress\/wp-content\/uploads\/RH7-1024x683.jpeg 1024w, http:\/\/www.hoer-spieler.de\/wordpress\/wp-content\/uploads\/RH7-300x200.jpeg 300w, http:\/\/www.hoer-spieler.de\/wordpress\/wp-content\/uploads\/RH7-768x512.jpeg 768w, http:\/\/www.hoer-spieler.de\/wordpress\/wp-content\/uploads\/RH7-624x416.jpeg 624w, http:\/\/www.hoer-spieler.de\/wordpress\/wp-content\/uploads\/RH7.jpeg 1063w\" sizes=\"(max-width: 1024px) 100vw, 1024px\" \/><\/figure>\n\n\n\n<figure class=\"wp-block-image size-large\"><img loading=\"lazy\" decoding=\"async\" width=\"1024\" height=\"683\" data-id=\"251\" src=\"http:\/\/www.hoer-spieler.de\/wordpress\/wp-content\/uploads\/RH8-1024x683.jpeg\" alt=\"\" class=\"wp-image-251\" srcset=\"http:\/\/www.hoer-spieler.de\/wordpress\/wp-content\/uploads\/RH8-1024x683.jpeg 1024w, http:\/\/www.hoer-spieler.de\/wordpress\/wp-content\/uploads\/RH8-300x200.jpeg 300w, http:\/\/www.hoer-spieler.de\/wordpress\/wp-content\/uploads\/RH8-768x512.jpeg 768w, http:\/\/www.hoer-spieler.de\/wordpress\/wp-content\/uploads\/RH8-1536x1024.jpeg 1536w, http:\/\/www.hoer-spieler.de\/wordpress\/wp-content\/uploads\/RH8-624x416.jpeg 624w, http:\/\/www.hoer-spieler.de\/wordpress\/wp-content\/uploads\/RH8.jpeg 2048w\" sizes=\"(max-width: 1024px) 100vw, 1024px\" \/><\/figure>\n\n\n\n<figure class=\"wp-block-image size-large\"><img loading=\"lazy\" decoding=\"async\" width=\"1024\" height=\"683\" data-id=\"252\" src=\"http:\/\/www.hoer-spieler.de\/wordpress\/wp-content\/uploads\/RH9-1024x683.jpeg\" alt=\"\" class=\"wp-image-252\" srcset=\"http:\/\/www.hoer-spieler.de\/wordpress\/wp-content\/uploads\/RH9-1024x683.jpeg 1024w, http:\/\/www.hoer-spieler.de\/wordpress\/wp-content\/uploads\/RH9-300x200.jpeg 300w, http:\/\/www.hoer-spieler.de\/wordpress\/wp-content\/uploads\/RH9-768x512.jpeg 768w, http:\/\/www.hoer-spieler.de\/wordpress\/wp-content\/uploads\/RH9-1536x1024.jpeg 1536w, http:\/\/www.hoer-spieler.de\/wordpress\/wp-content\/uploads\/RH9-624x416.jpeg 624w, http:\/\/www.hoer-spieler.de\/wordpress\/wp-content\/uploads\/RH9.jpeg 2048w\" sizes=\"(max-width: 1024px) 100vw, 1024px\" \/><\/figure>\n\n\n\n<figure class=\"wp-block-image size-large\"><img loading=\"lazy\" decoding=\"async\" width=\"1024\" height=\"683\" data-id=\"253\" src=\"http:\/\/www.hoer-spieler.de\/wordpress\/wp-content\/uploads\/RH10-1024x683.jpeg\" alt=\"\" class=\"wp-image-253\" srcset=\"http:\/\/www.hoer-spieler.de\/wordpress\/wp-content\/uploads\/RH10-1024x683.jpeg 1024w, http:\/\/www.hoer-spieler.de\/wordpress\/wp-content\/uploads\/RH10-300x200.jpeg 300w, http:\/\/www.hoer-spieler.de\/wordpress\/wp-content\/uploads\/RH10-768x512.jpeg 768w, http:\/\/www.hoer-spieler.de\/wordpress\/wp-content\/uploads\/RH10-1536x1024.jpeg 1536w, http:\/\/www.hoer-spieler.de\/wordpress\/wp-content\/uploads\/RH10-624x416.jpeg 624w, http:\/\/www.hoer-spieler.de\/wordpress\/wp-content\/uploads\/RH10.jpeg 2048w\" sizes=\"(max-width: 1024px) 100vw, 1024px\" \/><\/figure>\n\n\n\n<figure class=\"wp-block-image size-large\"><img loading=\"lazy\" decoding=\"async\" width=\"1024\" height=\"683\" data-id=\"254\" src=\"http:\/\/www.hoer-spieler.de\/wordpress\/wp-content\/uploads\/RH11-1024x683.jpeg\" alt=\"\" class=\"wp-image-254\" srcset=\"http:\/\/www.hoer-spieler.de\/wordpress\/wp-content\/uploads\/RH11-1024x683.jpeg 1024w, http:\/\/www.hoer-spieler.de\/wordpress\/wp-content\/uploads\/RH11-300x200.jpeg 300w, http:\/\/www.hoer-spieler.de\/wordpress\/wp-content\/uploads\/RH11-768x512.jpeg 768w, http:\/\/www.hoer-spieler.de\/wordpress\/wp-content\/uploads\/RH11-1536x1024.jpeg 1536w, http:\/\/www.hoer-spieler.de\/wordpress\/wp-content\/uploads\/RH11-624x416.jpeg 624w, http:\/\/www.hoer-spieler.de\/wordpress\/wp-content\/uploads\/RH11.jpeg 2048w\" sizes=\"(max-width: 1024px) 100vw, 1024px\" \/><\/figure>\n\n\n\n<figure class=\"wp-block-image size-large\"><img loading=\"lazy\" decoding=\"async\" width=\"1024\" height=\"683\" data-id=\"255\" src=\"http:\/\/www.hoer-spieler.de\/wordpress\/wp-content\/uploads\/RH12-1024x683.jpeg\" alt=\"\" class=\"wp-image-255\" srcset=\"http:\/\/www.hoer-spieler.de\/wordpress\/wp-content\/uploads\/RH12-1024x683.jpeg 1024w, http:\/\/www.hoer-spieler.de\/wordpress\/wp-content\/uploads\/RH12-300x200.jpeg 300w, http:\/\/www.hoer-spieler.de\/wordpress\/wp-content\/uploads\/RH12-768x512.jpeg 768w, http:\/\/www.hoer-spieler.de\/wordpress\/wp-content\/uploads\/RH12-1536x1024.jpeg 1536w, http:\/\/www.hoer-spieler.de\/wordpress\/wp-content\/uploads\/RH12-624x416.jpeg 624w, http:\/\/www.hoer-spieler.de\/wordpress\/wp-content\/uploads\/RH12.jpeg 2048w\" sizes=\"(max-width: 1024px) 100vw, 1024px\" \/><\/figure>\n\n\n\n<figure class=\"wp-block-image size-large\"><img loading=\"lazy\" decoding=\"async\" width=\"1024\" height=\"683\" data-id=\"256\" src=\"http:\/\/www.hoer-spieler.de\/wordpress\/wp-content\/uploads\/RH13-1024x683.jpeg\" alt=\"\" class=\"wp-image-256\" srcset=\"http:\/\/www.hoer-spieler.de\/wordpress\/wp-content\/uploads\/RH13-1024x683.jpeg 1024w, http:\/\/www.hoer-spieler.de\/wordpress\/wp-content\/uploads\/RH13-300x200.jpeg 300w, http:\/\/www.hoer-spieler.de\/wordpress\/wp-content\/uploads\/RH13-768x512.jpeg 768w, http:\/\/www.hoer-spieler.de\/wordpress\/wp-content\/uploads\/RH13-1536x1024.jpeg 1536w, http:\/\/www.hoer-spieler.de\/wordpress\/wp-content\/uploads\/RH13-624x416.jpeg 624w, http:\/\/www.hoer-spieler.de\/wordpress\/wp-content\/uploads\/RH13.jpeg 2048w\" sizes=\"(max-width: 1024px) 100vw, 1024px\" \/><\/figure>\n<\/figure>\n","protected":false},"excerpt":{"rendered":"<p>Das HOER-SPIELER-Ensemble verstrickt in den Legenden von Robin Hood und seinen Gef\u00e4hrten. Im Sherwood Forest lauern aber nicht nur unz\u00e4hlige Versionen der klassischen Geschichte, sondern auch Begegnungen mit unerwarteten Personen. Drei Schauspieler*innen schl\u00fcpfen mit vollem K\u00f6rpereinsatz und rasanten Requisitenwechseln in alle Rollen. Jede*r spielt jede*n. Unterst\u00fctzt werden sie dabei von einem Erz\u00e4hler, einem Ger\u00e4usche-Macher und [&hellip;]<\/p>\n","protected":false},"author":1,"featured_media":0,"parent":0,"menu_order":0,"comment_status":"closed","ping_status":"closed","template":"","meta":{"footnotes":""},"class_list":["post-225","page","type-page","status-publish","hentry"],"_links":{"self":[{"href":"http:\/\/www.hoer-spieler.de\/index.php?rest_route=\/wp\/v2\/pages\/225"}],"collection":[{"href":"http:\/\/www.hoer-spieler.de\/index.php?rest_route=\/wp\/v2\/pages"}],"about":[{"href":"http:\/\/www.hoer-spieler.de\/index.php?rest_route=\/wp\/v2\/types\/page"}],"author":[{"embeddable":true,"href":"http:\/\/www.hoer-spieler.de\/index.php?rest_route=\/wp\/v2\/users\/1"}],"replies":[{"embeddable":true,"href":"http:\/\/www.hoer-spieler.de\/index.php?rest_route=%2Fwp%2Fv2%2Fcomments&post=225"}],"version-history":[{"count":5,"href":"http:\/\/www.hoer-spieler.de\/index.php?rest_route=\/wp\/v2\/pages\/225\/revisions"}],"predecessor-version":[{"id":274,"href":"http:\/\/www.hoer-spieler.de\/index.php?rest_route=\/wp\/v2\/pages\/225\/revisions\/274"}],"wp:attachment":[{"href":"http:\/\/www.hoer-spieler.de\/index.php?rest_route=%2Fwp%2Fv2%2Fmedia&parent=225"}],"curies":[{"name":"wp","href":"https:\/\/api.w.org\/{rel}","templated":true}]}}